{"id":272,"date":"2017-12-07T19:23:52","date_gmt":"2017-12-07T18:23:52","guid":{"rendered":"http:\/\/instytucje.org\/?page_id=272"},"modified":"2023-07-21T09:43:03","modified_gmt":"2023-07-21T07:43:03","slug":"rejestracja","status":"publish","type":"page","link":"https:\/\/instytucje.org\/index.php\/rejestracja\/","title":{"rendered":"Formularz rejestracyjny"},"content":{"rendered":"\n<p>Uprzejmie informujemy, \u017ce rejestracja na VI Konferencj\u0119 z cyklu &#8222;Instytucje w teorii i praktyce&#8221; zosta\u0142a zako\u0144czona.<\/p>\n","protected":false},"excerpt":{"rendered":"<p>Uprzejmie informujemy, \u017ce rejestracja na VI Konferencj\u0119 z cyklu &#8222;Instytucje w teorii i praktyce&#8221; zosta\u0142a zako\u0144czona.<\/p>\n","protected":false},"author":1,"featured_media":0,"parent":0,"menu_order":3,"comment_status":"closed","ping_status":"closed","template":"","meta":{"neve_meta_sidebar":"","neve_meta_container":"","neve_meta_enable_content_width":"","neve_meta_content_width":0,"neve_meta_title_alignment":"","neve_meta_author_avatar":"","neve_post_elements_order":"","neve_meta_disable_header":"","neve_meta_disable_footer":"","neve_meta_disable_title":"","_themeisle_gutenberg_block_has_review":false,"footnotes":""},"class_list":["post-272","page","type-page","status-publish","hentry"],"_links":{"self":[{"href":"https:\/\/instytucje.org\/index.php\/wp-json\/wp\/v2\/pages\/272","targetHints":{"allow":["GET"]}}],"collection":[{"href":"https:\/\/instytucje.org\/index.php\/wp-json\/wp\/v2\/pages"}],"about":[{"href":"https:\/\/instytucje.org\/index.php\/wp-json\/wp\/v2\/types\/page"}],"author":[{"embeddable":true,"href":"https:\/\/instytucje.org\/index.php\/wp-json\/wp\/v2\/users\/1"}],"replies":[{"embeddable":true,"href":"https:\/\/instytucje.org\/index.php\/wp-json\/wp\/v2\/comments?post=272"}],"version-history":[{"count":38,"href":"https:\/\/instytucje.org\/index.php\/wp-json\/wp\/v2\/pages\/272\/revisions"}],"predecessor-version":[{"id":987,"href":"https:\/\/instytucje.org\/index.php\/wp-json\/wp\/v2\/pages\/272\/revisions\/987"}],"wp:attachment":[{"href":"https:\/\/instytucje.org\/index.php\/wp-json\/wp\/v2\/media?parent=272"}],"curies":[{"name":"wp","href":"https:\/\/api.w.org\/{rel}","templated":true}]}}