{"id":1029,"date":"2020-01-13T11:17:52","date_gmt":"2020-01-13T11:17:52","guid":{"rendered":"https:\/\/demosites.io\/web-agency-gb\/?page_id=5"},"modified":"2026-05-01T09:59:15","modified_gmt":"2026-05-01T07:59:15","slug":"15c42-web-agency-gb-home","status":"publish","type":"page","link":"https:\/\/instytucje.org\/","title":{"rendered":"Home"},"content":{"rendered":"\n<div class=\"wp-block-cover alignfull is-light has-parallax\" style=\"min-height:700px;aspect-ratio:unset;\"><div class=\"wp-block-cover__image-background wp-image-185 has-parallax\" style=\"background-position:50% 50%;background-image:url(https:\/\/instytucje.org\/wp-content\/uploads\/2026\/04\/poznan2026logo.png)\"><\/div><span aria-hidden=\"true\" class=\"wp-block-cover__background has-background-dim-60 has-background-dim\" style=\"background-color:#acaba8\"><\/span><div class=\"wp-block-cover__inner-container is-layout-flow wp-block-cover-is-layout-flow\">\n<div style=\"height:80px\" aria-hidden=\"true\" class=\"wp-block-spacer\"><\/div>\n\n\n\n<h2 class=\"wp-block-heading has-text-align-center has-text-color\" style=\"color:#ffe9cc\">IX KONFERENCJA NAUKOWA Z CYKLU<\/h2>\n\n\n\n<h1 class=\"wp-block-heading has-text-align-center has-text-color\" style=\"color:#ffe9cc\">&#8222;INSTYTUCJE W TEORII <br>I PRAKTYCE&#8221;<\/h1>\n\n\n\n<h2 class=\"wp-block-heading has-text-align-center has-text-color\" style=\"color:#ffe9cc\">POZNA\u0143, 24\u201325 WRZE\u015aNIA 2026<\/h2>\n\n\n\n<h3 class=\"wp-block-heading has-text-align-center has-text-color\" style=\"color:#ffe9cc\"><strong>Pod honorowym patronatem JM Rektor Uniwersytetu Ekonomicznego w Poznaniu<\/strong><br><strong>prof. dr hab. Barbary Jankowskiej<\/strong><\/h3>\n\n\n\n<p class=\"has-text-align-center has-nv-text-dark-bg-color has-text-color\" style=\"font-size:17px\">Cykliczna konferencja, w tym roku organizowana przez Uniwersytet Ekonomiczny w Poznaniu<\/p>\n\n\n\n<div class=\"wp-block-buttons is-horizontal is-content-justification-center is-layout-flex wp-container-core-buttons-is-layout-499968f5 wp-block-buttons-is-layout-flex\">\n<div class=\"wp-block-button is-style-primary\"><a class=\"wp-block-button__link wp-element-button\" href=\"https:\/\/instytucje.org\/index.php\/category\/poznan2026\/\">DOWIEDZ SI\u0118 WI\u0118CEJ O AKTUALNEJ EDYCJI<\/a><\/div>\n\n\n\n<div class=\"wp-block-button is-style-primary\"><a class=\"wp-block-button__link wp-element-button\" href=\"https:\/\/forms.gle\/VTeLWinTBa15Vws67\" target=\"_blank\" rel=\"noreferrer noopener\">FORMULARZ ZG\u0141OSZENIOWY<\/a><\/div>\n<\/div>\n\n\n\n<div style=\"height:80px\" aria-hidden=\"true\" class=\"wp-block-spacer\"><\/div>\n\n\n\n<div style=\"height:80px\" aria-hidden=\"true\" class=\"wp-block-spacer\"><\/div>\n<\/div><\/div>\n\n\n\n<div style=\"height:80px\" aria-hidden=\"true\" class=\"wp-block-spacer\"><\/div>\n\n\n\n<div class=\"wp-block-columns is-layout-flex wp-container-core-columns-is-layout-9d6595d7 wp-block-columns-is-layout-flex\">\n<div class=\"wp-block-column is-layout-flow wp-block-column-is-layout-flow\"><div class=\"wp-block-image icon-style is-style-rounded\">\n<figure class=\"aligncenter size-large is-resized\"><img fetchpriority=\"high\" decoding=\"async\" width=\"1024\" height=\"428\" src=\"http:\/\/instytucje.org\/wp-content\/uploads\/2017\/12\/logo_poznan-1024x428.png\" alt=\"\" class=\"wp-image-356\" style=\"aspect-ratio:2.392523364485981;object-fit:cover;width:205px;height:auto\" title=\"\" srcset=\"https:\/\/instytucje.org\/wp-content\/uploads\/2017\/12\/logo_poznan-1024x428.png 1024w, https:\/\/instytucje.org\/wp-content\/uploads\/2017\/12\/logo_poznan-300x125.png 300w, https:\/\/instytucje.org\/wp-content\/uploads\/2017\/12\/logo_poznan-768x321.png 768w\" sizes=\"(max-width: 1024px) 100vw, 1024px\" \/><\/figure>\n<\/div>\n\n\n<div style=\"height:20px\" aria-hidden=\"true\" class=\"wp-block-spacer\"><\/div>\n\n\n\n<h3 class=\"wp-block-heading has-text-align-center has-neve-text-color-color has-text-color\">Uniwersytet Ekonomiczny<br>w Poznaniu<\/h3>\n\n\n\n<p class=\"has-text-align-center\">reprezentowany jest przez Katedr\u0119 Makroekonomii i Bada\u0144 nad Rozwojem.<\/p>\n\n\n\n<div style=\"height:20px\" aria-hidden=\"true\" class=\"wp-block-spacer\"><\/div>\n<\/div>\n\n\n\n<div class=\"wp-block-column is-layout-flow wp-block-column-is-layout-flow\"><div class=\"wp-block-image icon-style is-style-rounded\">\n<figure class=\"aligncenter size-large is-resized\"><img decoding=\"async\" width=\"1024\" height=\"371\" src=\"http:\/\/instytucje.org\/wp-content\/uploads\/2017\/12\/logo_torun-1024x371.png\" alt=\"\" class=\"wp-image-357\" style=\"width:235px;height:85px\" srcset=\"https:\/\/instytucje.org\/wp-content\/uploads\/2017\/12\/logo_torun-1024x371.png 1024w, https:\/\/instytucje.org\/wp-content\/uploads\/2017\/12\/logo_torun-300x109.png 300w, https:\/\/instytucje.org\/wp-content\/uploads\/2017\/12\/logo_torun-768x279.png 768w\" sizes=\"(max-width: 1024px) 100vw, 1024px\" \/><\/figure>\n<\/div>\n\n\n<div style=\"height:20px\" aria-hidden=\"true\" class=\"wp-block-spacer\"><\/div>\n\n\n\n<h3 class=\"wp-block-heading has-text-align-center has-neve-text-color-color has-text-color\">Uniwersytet Miko\u0142aja Kopernika<br>w Toruniu<\/h3>\n\n\n\n<p class=\"has-text-align-center\">reprezentowany jest przez Katedr\u0119 Ekonomii.<\/p>\n\n\n\n<div style=\"height:20px\" aria-hidden=\"true\" class=\"wp-block-spacer\"><\/div>\n<\/div>\n\n\n\n<div class=\"wp-block-column is-layout-flow wp-block-column-is-layout-flow\"><div class=\"wp-block-image icon-style is-style-rounded\">\n<figure class=\"aligncenter size-large is-resized\"><img decoding=\"async\" width=\"1024\" height=\"264\" src=\"http:\/\/instytucje.org\/wp-content\/uploads\/2023\/08\/UEW_poziom_RGB_kolor_1-1024x264.png\" alt=\"\" class=\"wp-image-1067\" style=\"width:330px;height:85px\" srcset=\"https:\/\/instytucje.org\/wp-content\/uploads\/2023\/08\/UEW_poziom_RGB_kolor_1-1024x264.png 1024w, https:\/\/instytucje.org\/wp-content\/uploads\/2023\/08\/UEW_poziom_RGB_kolor_1-300x77.png 300w, https:\/\/instytucje.org\/wp-content\/uploads\/2023\/08\/UEW_poziom_RGB_kolor_1-768x198.png 768w, https:\/\/instytucje.org\/wp-content\/uploads\/2023\/08\/UEW_poziom_RGB_kolor_1-1536x396.png 1536w, https:\/\/instytucje.org\/wp-content\/uploads\/2023\/08\/UEW_poziom_RGB_kolor_1-2048x528.png 2048w\" sizes=\"(max-width: 1024px) 100vw, 1024px\" \/><\/figure>\n<\/div>\n\n\n<div style=\"height:20px\" aria-hidden=\"true\" class=\"wp-block-spacer\"><\/div>\n\n\n\n<h3 class=\"wp-block-heading has-text-align-center has-neve-text-color-color has-text-color\">Uniwersytet Ekonomiczny<br>we Wroc\u0142awiu<\/h3>\n\n\n\n<p class=\"has-text-align-center\">reprezentowany jest przez Katedr\u0119 Mikroekonomii i Ekonomii Instytucjonalnej.<\/p>\n\n\n\n<div style=\"height:20px\" aria-hidden=\"true\" class=\"wp-block-spacer\"><\/div>\n<\/div>\n<\/div>\n\n\n\n<div style=\"height:80px\" aria-hidden=\"true\" class=\"wp-block-spacer\"><\/div>\n\n\n\n<div class=\"wp-block-cover alignfull\" style=\"min-height:600px;aspect-ratio:unset;\"><span aria-hidden=\"true\" class=\"wp-block-cover__background has-nv-dark-bg-background-color has-background-dim-100 has-background-dim\"><\/span><div class=\"wp-block-cover__inner-container is-layout-flow wp-block-cover-is-layout-flow\">\n<div id=\"cykl\" class=\"wp-block-group\"><div class=\"wp-block-group__inner-container is-layout-flow wp-block-group-is-layout-flow\">\n<div style=\"height:80px\" aria-hidden=\"true\" class=\"wp-block-spacer\"><\/div>\n\n\n\n<div class=\"wp-block-columns are-vertically-aligned-center is-layout-flex wp-container-core-columns-is-layout-9d6595d7 wp-block-columns-is-layout-flex\">\n<div class=\"wp-block-column is-vertically-aligned-center is-layout-flow wp-block-column-is-layout-flow\" style=\"flex-basis:50%\"><div class=\"wp-block-image is-style-default\">\n<figure class=\"aligncenter size-full\"><img loading=\"lazy\" decoding=\"async\" width=\"404\" height=\"297\" src=\"http:\/\/instytucje.org\/wp-content\/uploads\/2017\/03\/Depositphotos_24034631_xs.jpg\" alt=\"\" class=\"wp-image-68\" srcset=\"https:\/\/instytucje.org\/wp-content\/uploads\/2017\/03\/Depositphotos_24034631_xs.jpg 404w, https:\/\/instytucje.org\/wp-content\/uploads\/2017\/03\/Depositphotos_24034631_xs-300x221.jpg 300w\" sizes=\"(max-width: 404px) 100vw, 404px\" \/><\/figure>\n<\/div><\/div>\n\n\n\n<div class=\"wp-block-column is-vertically-aligned-center is-layout-flow wp-block-column-is-layout-flow\" style=\"flex-basis:50%\">\n<div style=\"height:40px\" aria-hidden=\"true\" class=\"wp-block-spacer\"><\/div>\n\n\n\n<h2 class=\"wp-block-heading has-text-align-left has-nv-text-dark-bg-color has-text-color\">Instytucje w teorii i praktyce<\/h2>\n\n\n\n<p><strong>Cykliczna konferencja<\/strong><br>Cykl konferencji &#8222;Instytucje w teorii i praktyce&#8221; zosta\u0142 zainicjowany przez trzy o\u015brodki: Uniwersytet Ekonomiczny w Poznaniu, Uniwersytet Miko\u0142aja Kopernika w Toruniu oraz Uniwersytet Ekonomiczny we Wroc\u0142awiu. Coroczne konferencje maj\u0105 by\u0107 platform\u0105 wymiany do\u015bwiadcze\u0144 i wsp\u00f3\u0142pracy pomi\u0119dzy polskimi instytucjonalistami.<\/p>\n\n\n\n<p>Pozna\u0144 reprezentowany jest przez Katedr\u0119 Makroekonomii i Bada\u0144 nad Rozwojem, Toru\u0144 przez Katedr\u0119 Ekonomii, a Wroc\u0142aw przez Katedr\u0119 Mikroekonomii i Ekonomii Instytucjonalnej.<\/p>\n\n\n\n<p><\/p>\n\n\n\n<p><\/p>\n<\/div>\n<\/div>\n\n\n\n<div style=\"height:50px\" aria-hidden=\"true\" class=\"wp-block-spacer\"><\/div>\n<\/div><\/div>\n<\/div><\/div>\n\n\n\n<div class=\"wp-block-cover alignfull\" style=\"min-height:420px;aspect-ratio:unset;\"><span aria-hidden=\"true\" class=\"wp-block-cover__background has-nv-light-bg-background-color has-background-dim-100 has-background-dim\"><\/span><div class=\"wp-block-cover__inner-container is-layout-flow wp-block-cover-is-layout-flow\">\n<div style=\"height:80px\" aria-hidden=\"true\" class=\"wp-block-spacer\"><\/div>\n\n\n\n<div class=\"wp-block-columns is-layout-flex wp-container-core-columns-is-layout-9d6595d7 wp-block-columns-is-layout-flex\">\n<div class=\"wp-block-column ticss-4ce656f1 is-layout-flow wp-block-column-is-layout-flow\"><div class=\"wp-block-image is-style-rounded\">\n<figure data-wp-context=\"{&quot;imageId&quot;:&quot;69f8935b7b7d7&quot;}\" data-wp-interactive=\"core\/image\" data-wp-key=\"69f8935b7b7d7\" class=\"aligncenter size-large is-resized wp-lightbox-container\"><img loading=\"lazy\" decoding=\"async\" width=\"1024\" height=\"1024\" data-wp-class--hide=\"state.isContentHidden\" data-wp-class--show=\"state.isContentVisible\" data-wp-init=\"callbacks.setButtonStyles\" data-wp-on--click=\"actions.showLightbox\" data-wp-on--load=\"callbacks.setButtonStyles\" data-wp-on-window--resize=\"callbacks.setButtonStyles\" src=\"https:\/\/instytucje.org\/wp-content\/uploads\/2025\/05\/szarzec2-1024x1024.jpg\" alt=\"\" class=\"wp-image-1286\" style=\"aspect-ratio:1;object-fit:contain;width:230px;height:auto\" srcset=\"https:\/\/instytucje.org\/wp-content\/uploads\/2025\/05\/szarzec2-1024x1024.jpg 1024w, https:\/\/instytucje.org\/wp-content\/uploads\/2025\/05\/szarzec2-300x300.jpg 300w, https:\/\/instytucje.org\/wp-content\/uploads\/2025\/05\/szarzec2-150x150.jpg 150w, https:\/\/instytucje.org\/wp-content\/uploads\/2025\/05\/szarzec2-768x768.jpg 768w, https:\/\/instytucje.org\/wp-content\/uploads\/2025\/05\/szarzec2-1536x1536.jpg 1536w, https:\/\/instytucje.org\/wp-content\/uploads\/2025\/05\/szarzec2-2048x2048.jpg 2048w\" sizes=\"(max-width: 1024px) 100vw, 1024px\" \/><button\n\t\t\tclass=\"lightbox-trigger\"\n\t\t\ttype=\"button\"\n\t\t\taria-haspopup=\"dialog\"\n\t\t\taria-label=\"Powi\u0119ksz\"\n\t\t\tdata-wp-init=\"callbacks.initTriggerButton\"\n\t\t\tdata-wp-on--click=\"actions.showLightbox\"\n\t\t\tdata-wp-style--right=\"state.imageButtonRight\"\n\t\t\tdata-wp-style--top=\"state.imageButtonTop\"\n\t\t>\n\t\t\t<svg xmlns=\"http:\/\/www.w3.org\/2000\/svg\" width=\"12\" height=\"12\" fill=\"none\" viewBox=\"0 0 12 12\">\n\t\t\t\t<path fill=\"#fff\" d=\"M2 0a2 2 0 0 0-2 2v2h1.5V2a.5.5 0 0 1 .5-.5h2V0H2Zm2 10.5H2a.5.5 0 0 1-.5-.5V8H0v2a2 2 0 0 0 2 2h2v-1.5ZM8 12v-1.5h2a.5.5 0 0 0 .5-.5V8H12v2a2 2 0 0 1-2 2H8Zm2-12a2 2 0 0 1 2 2v2h-1.5V2a.5.5 0 0 0-.5-.5H8V0h2Z\" \/>\n\t\t\t<\/svg>\n\t\t<\/button><\/figure>\n<\/div>\n\n\n<div style=\"height:24px\" aria-hidden=\"true\" class=\"wp-block-spacer\"><\/div>\n\n\n\n<p class=\"has-text-align-left has-neve-text-color-color has-text-color\">\u201eEkonomia instytucjonalna oferuje po\u0142\u0105czenie perspektyw ekonomicznej z instytucjonaln\u0105. Zajmuje si\u0119 wyja\u015bnianiem zmian instytucjonalnych w gospodarce oraz tego, jak instytucje formalne i nieformalne kszta\u0142tuj\u0105 zachowania jednostek i organizacji. Znacz\u0105co wzbogaci\u0142a g\u0142\u00f3wny nurt ekonomii, wprowadzaj\u0105c nowe perspektywy i narz\u0119dzia analityczne, kt\u00f3re pozwalaj\u0105 lepiej zrozumie\u0107 z\u0142o\u017cono\u015b\u0107 wsp\u00f3\u0142czesnych gospodarek i determinant rozwoju gospodarczego organizacji i kraj\u00f3w. Cykl konferencji &#8222;Instytucje w teorii i praktyce&#8221; organizowany przez wsp\u00f3\u0142pracuj\u0105ce ze sob\u0105 katedry z UMK, UEWr i UEP od lat gromadzi naukowc\u00f3w, kt\u00f3rych badania koncentruj\u0105 si\u0119 w\u0142a\u015bnie wok\u00f3\u0142 ekonomii instytucjonalnej i s\u0142ynnego has\u0142a &#8222;institutions matter&#8221;.\u201d<\/p>\n\n\n\n<p class=\"has-neve-text-color-color has-text-color\"><strong>KATARZYNA SZARZEC<\/strong><br>Uniwersytet Ekonomiczny w Poznaniu<br>Katedra Makroekonomii i Bada\u0144 nad Rozwojem<\/p>\n\n\n\n<div style=\"height:20px\" aria-hidden=\"true\" class=\"wp-block-spacer\"><\/div>\n<\/div>\n\n\n\n<div class=\"wp-block-column ticss-f6fc7494 is-layout-flow wp-block-column-is-layout-flow\"><div class=\"wp-block-image is-style-rounded\">\n<figure class=\"aligncenter size-full is-resized\"><img loading=\"lazy\" decoding=\"async\" width=\"360\" height=\"360\" src=\"http:\/\/instytucje.org\/wp-content\/uploads\/2017\/03\/Jerzy_Boehlke360.jpg\" alt=\"\" class=\"wp-image-51\" style=\"width:230px\" srcset=\"https:\/\/instytucje.org\/wp-content\/uploads\/2017\/03\/Jerzy_Boehlke360.jpg 360w, https:\/\/instytucje.org\/wp-content\/uploads\/2017\/03\/Jerzy_Boehlke360-150x150.jpg 150w, https:\/\/instytucje.org\/wp-content\/uploads\/2017\/03\/Jerzy_Boehlke360-300x300.jpg 300w, https:\/\/instytucje.org\/wp-content\/uploads\/2017\/03\/Jerzy_Boehlke360-250x250.jpg 250w, https:\/\/instytucje.org\/wp-content\/uploads\/2017\/03\/Jerzy_Boehlke360-174x174.jpg 174w\" sizes=\"(max-width: 360px) 100vw, 360px\" \/><\/figure>\n<\/div>\n\n\n<div style=\"height:24px\" aria-hidden=\"true\" class=\"wp-block-spacer\"><\/div>\n\n\n\n<p class=\"has-neve-text-color-color has-text-color\">\u201eIntensywny rozw\u00f3j bada\u0144 dotycz\u0105cych instytucjonalnych uwarunkowa\u0144 funkcjonowania i zmian system\u00f3w spo\u0142eczno-gospodarczych wynika zar\u00f3wno z przyczyn metodologicznych, jak i z rosn\u0105cych potrzeb podniesienia stopnia praktycznej u\u017cyteczno\u015bci rozwijanych na gruncie ekonomii koncepcji teoretycznych. Jak wiadomo, ekonomia instytucjonalna jest postrzegana jako istotne uzupe\u0142nienia i rozwini\u0119cie dorobku badawczego ekonomii g\u0142\u00f3wnego nurtu. Odrzucaj\u0105c tez\u0119 o neutralno\u015bci i egzogenicznym wobec systemu spo\u0142eczno-gospodarczego charakterze instytucji przywr\u00f3ci\u0142a historyczny i ewolucyjny charakter ekonomii jako dyscypliny naukowej.\u201d<\/p>\n\n\n\n<p class=\"has-neve-text-color-color has-text-color\"><strong>JERZY BOEHLKE<\/strong><br>Uniwersytet Miko\u0142aja Kopernika w Toruniu<br>Katedra Ekonomii<\/p>\n\n\n\n<div style=\"height:20px\" aria-hidden=\"true\" class=\"wp-block-spacer\"><\/div>\n<\/div>\n\n\n\n<div class=\"wp-block-column ticss-a5b4df29 is-layout-flow wp-block-column-is-layout-flow\"><div class=\"wp-block-image is-style-rounded\">\n<figure class=\"aligncenter size-large is-resized\"><img decoding=\"async\" src=\"https:\/\/instytucje.org\/wp-content\/uploads\/2025\/05\/Sesja_SC_2-3.jpg\" alt=\"\" style=\"width:203px;height:auto\"\/><\/figure>\n<\/div>\n\n\n<div style=\"height:24px\" aria-hidden=\"true\" class=\"wp-block-spacer\"><\/div>\n\n\n\n<p class=\"has-neve-text-color-color has-text-color\">\u201eEkonomia instytucjonalna w ca\u0142ej swojej ods\u0142onie \u2013 w uj\u0119ciu starym i nowym, dostarcza sporego arsena\u0142u narz\u0119dzi badawczych pozwalaj\u0105cych na wyja\u015bnianie wybor\u00f3w ekonomicznych. Umiejscowiona na styku socjologii i ekonomii wzbogaca stylizacj\u0119 my\u015blow\u0105 o wszystko to co nie mie\u015bci si\u0119 w sztywnych ramach modeli neoklasycznych. Po troch\u0119 w duchu Feyerabendowskiej maksymy \u201eanything goes\u201d, a po trochu z silnym poczuciem odpowiedzialno\u015bci uczonych wobec spo\u0142ecze\u0144stwa, pozwala budowa\u0107 nowy gmach nauki bli\u017cszej faktualnym zjawiskom. Cykl konferencji \u201eInstytucje w teorii i praktyce\u201d to inicjatywa trzech o\u015brodk\u00f3w akademickich, kt\u00f3ra jest platform\u0105 wymiany my\u015bli nieortodoksyjnej, balansuj\u0105cej na tr\u00f3jstyku nauk spo\u0142ecznych. Konferencja ta ma na celu budowa\u0107 mosty mi\u0119dzy odseparowanymi dyscyplinami nauk, tworz\u0105c holistyczny obraz \u017cycia spo\u0142eczno-gospodarczego.&#8221;<\/p>\n\n\n\n<p class=\"has-neve-text-color-color has-text-color\"><strong>S\u0141AWOMIR CZETWERTY\u0143SKI<\/strong><br>Uniwersytet Ekonomiczny we Wroc\u0142awiu<br>Katedra Mikroekonomii i Ekonomii Instytucjonalnej<\/p>\n\n\n\n<div style=\"height:20px\" aria-hidden=\"true\" class=\"wp-block-spacer\"><\/div>\n<\/div>\n<\/div>\n\n\n\n<div style=\"height:30px\" aria-hidden=\"true\" class=\"wp-block-spacer\"><\/div>\n<\/div><\/div>\n\n\n\n<div class=\"wp-block-columns is-layout-flex wp-container-core-columns-is-layout-9d6595d7 wp-block-columns-is-layout-flex\">\n<div class=\"wp-block-column is-layout-flow wp-block-column-is-layout-flow\" style=\"flex-basis:33.33%\">\n<figure class=\"wp-block-image size-large\"><img loading=\"lazy\" decoding=\"async\" width=\"1024\" height=\"985\" src=\"https:\/\/instytucje.org\/wp-content\/uploads\/2026\/03\/DSC_4807_sm-1024x985.jpg\" alt=\"\" class=\"wp-image-1388\" srcset=\"https:\/\/instytucje.org\/wp-content\/uploads\/2026\/03\/DSC_4807_sm-1024x985.jpg 1024w, https:\/\/instytucje.org\/wp-content\/uploads\/2026\/03\/DSC_4807_sm-300x289.jpg 300w, https:\/\/instytucje.org\/wp-content\/uploads\/2026\/03\/DSC_4807_sm-768x739.jpg 768w, https:\/\/instytucje.org\/wp-content\/uploads\/2026\/03\/DSC_4807_sm-1536x1478.jpg 1536w, https:\/\/instytucje.org\/wp-content\/uploads\/2026\/03\/DSC_4807_sm-2048x1971.jpg 2048w\" sizes=\"(max-width: 1024px) 100vw, 1024px\" \/><\/figure>\n<\/div>\n\n\n\n<div class=\"wp-block-column is-layout-flow wp-block-column-is-layout-flow\" style=\"flex-basis:66.66%\">\n<p class=\"has-text-align-center\">W roli keynote speakera wyst\u0105pi <\/p>\n\n\n\n<p class=\"has-text-align-center\">dr hab. Marek A. D\u0105browski, prof. UEK<\/p>\n\n\n\n<p class=\"has-text-align-center\">z wyst\u0105pieniem zatytu\u0142owanym<\/p>\n\n\n\n<p class=\"has-text-align-center\"><em><strong>Strategie bezpo\u015bredniego celu inflacyjnego a ryzyko dominacji fiskalnej: rola czynnik\u00f3w instytucjonalnych<\/strong><\/em><\/p>\n\n\n\n<p>Coraz powszechniejsze stosowanie strategii bezpo\u015bredniego celu inflacyjnego (BCI) sk\u0142oni\u0142o wielu badaczy do stwierdzenia, \u017ce sta\u0142a si\u0119 ona swego rodzaju \u201eglobalnym standardem monetarnym\u201d (Borio, 2024). Jednocze\u015bnie zacz\u0119to jednak zauwa\u017ca\u0107, \u017ce strategia ta jest implementowana w zr\u00f3\u017cnicowany spos\u00f3b (zob. np. Borio i Chavaz, 2025; D\u0105browski, Janus i Mucha, 2025). Cho\u0107 wiele bank\u00f3w centralnych deklaruje, \u017ce polityka pieni\u0119\u017cna jest prowadzona w ramach strategii BCI, to stosowane w praktyce strategie mog\u0105 si\u0119 istotnie r\u00f3\u017cni\u0107 pod wzgl\u0119dem ukierunkowania na stabilizowanie inflacji. Badaj\u0105c te r\u00f3\u017cnice, warto wyj\u015b\u0107 poza Svenssonowski podzia\u0142 na elastyczn\u0105 (flexible) i rygorystyczn\u0105 (strict) strategi\u0119 BCI i uwzgl\u0119dni\u0107 jej dodatkowe warianty, tj. docelowej \u015bredniej stopy inflacji oraz ograniczonego zaanga\u017cowania. W pierwszej cz\u0119\u015bci wyk\u0142adu zostanie przedstawiona propozycja klasyfikacji stosowanych przez banki centralne strategii BCI na wskazane cztery kategorie.<br>Z przeprowadzonych dot\u0105d bada\u0144 wynika, \u017ce strategia BCI stanowi czynnik os\u0142abiaj\u0105cy zagro\u017cenie dominacj\u0105 fiskaln\u0105 (zob. np. Ahmed, Aizenman, Jinjarak, 2021; D\u0105browski, 2022). Ta ostatnia opisuje sytuacj\u0119, w kt\u00f3rej wysoki poziom zad\u0142u\u017cenia publicznego ogranicza swobod\u0119 prowadzenia polityki pieni\u0119\u017cnej i niekorzystnie wp\u0142ywa na decyzje dotycz\u0105ce st\u00f3p procentowych. Warto jednak postawi\u0107 pytanie o to, kt\u00f3ry z wariant\u00f3w BCI cechuje si\u0119 wi\u0119ksz\u0105 odporno\u015bci\u0105 na ryzyko dominacji fiskalnej oraz jak\u0105 rol\u0119 w kszta\u0142towaniu odporno\u015bci odgrywaj\u0105 rozwi\u0105zania instytucjonalne, takie jak niezale\u017cno\u015b\u0107 banku centralnego i przejrzysto\u015b\u0107 polityki pieni\u0119\u017cnej. Druga cz\u0119\u015b\u0107 wyk\u0142adu zostanie po\u015bwi\u0119cona wyja\u015bnieniu, w jakim stopniu niezale\u017cno\u015b\u0107 banku centralnego i przejrzysto\u015b\u0107 polityki pieni\u0119\u017cnej niweluj\u0105 zagro\u017cenie dominacj\u0105 fiskaln\u0105 w poszczeg\u00f3lnych wariantach strategii BCI.<\/p>\n<\/div>\n<\/div>\n\n\n\n<div class=\"wp-block-cover alignfull\" style=\"min-height:300px;aspect-ratio:unset;\"><span aria-hidden=\"true\" class=\"wp-block-cover__background has-nv-dark-bg-background-color has-background-dim-100 has-background-dim\"><\/span><div class=\"wp-block-cover__inner-container is-layout-flow wp-block-cover-is-layout-flow\">\n<div style=\"height:140px\" aria-hidden=\"true\" class=\"wp-block-spacer\"><\/div>\n\n\n\n<h2 class=\"wp-block-heading has-text-align-center has-nv-text-dark-bg-color has-text-color\">Instytucje w teorii i praktyce<\/h2>\n\n\n\n<p class=\"has-text-align-center\"><\/p>\n\n\n\n<div class=\"wp-block-buttons is-horizontal is-content-justification-center is-layout-flex wp-container-core-buttons-is-layout-499968f5 wp-block-buttons-is-layout-flex\">\n<div class=\"wp-block-button is-style-primary\"><a class=\"wp-block-button__link wp-element-button\" href=\"https:\/\/instytucje.org\/index.php\/partnerzy-konferencji-poznan-2026\/\">DOWIEDZ SI\u0118 WI\u0118CEJ O PARTNERACH I SPONSORACH<\/a><\/div>\n<\/div>\n\n\n\n<div style=\"height:140px\" aria-hidden=\"true\" class=\"wp-block-spacer\"><\/div>\n<\/div><\/div>\n","protected":false},"excerpt":{"rendered":"<p>Uniwersytet Ekonomicznyw Poznaniu reprezentowany jest przez Katedr\u0119 Makroekonomii i Bada\u0144 nad Rozwojem. Uniwersytet Miko\u0142aja Kopernikaw Toruniu reprezentowany jest przez Katedr\u0119 Ekonomii. Uniwersytet Ekonomicznywe Wroc\u0142awiu reprezentowany jest przez Katedr\u0119 Mikroekonomii i Ekonomii Instytucjonalnej. W roli keynote speakera wyst\u0105pi dr hab. Marek A. D\u0105browski, prof. UEK z wyst\u0105pieniem zatytu\u0142owanym Strategie bezpo\u015bredniego celu inflacyjnego a ryzyko dominacji fiskalnej:&hellip;&nbsp;<a href=\"https:\/\/instytucje.org\/\" rel=\"bookmark\">Dowiedz si\u0119 wi\u0119cej &raquo;<span class=\"screen-reader-text\">Home<\/span><\/a><\/p>\n","protected":false},"author":1,"featured_media":0,"parent":0,"menu_order":0,"comment_status":"closed","ping_status":"closed","template":"","meta":{"neve_meta_sidebar":"default","neve_meta_container":"default","neve_meta_enable_content_width":"on","neve_meta_content_width":100,"neve_meta_title_alignment":"center","neve_meta_author_avatar":"","neve_post_elements_order":"","neve_meta_disable_header":"","neve_meta_disable_footer":"","neve_meta_disable_title":"on","_themeisle_gutenberg_block_has_review":false,"footnotes":""},"class_list":["post-1029","page","type-page","status-publish","hentry"],"_links":{"self":[{"href":"https:\/\/instytucje.org\/index.php\/wp-json\/wp\/v2\/pages\/1029","targetHints":{"allow":["GET"]}}],"collection":[{"href":"https:\/\/instytucje.org\/index.php\/wp-json\/wp\/v2\/pages"}],"about":[{"href":"https:\/\/instytucje.org\/index.php\/wp-json\/wp\/v2\/types\/page"}],"author":[{"embeddable":true,"href":"https:\/\/instytucje.org\/index.php\/wp-json\/wp\/v2\/users\/1"}],"replies":[{"embeddable":true,"href":"https:\/\/instytucje.org\/index.php\/wp-json\/wp\/v2\/comments?post=1029"}],"version-history":[{"count":62,"href":"https:\/\/instytucje.org\/index.php\/wp-json\/wp\/v2\/pages\/1029\/revisions"}],"predecessor-version":[{"id":1472,"href":"https:\/\/instytucje.org\/index.php\/wp-json\/wp\/v2\/pages\/1029\/revisions\/1472"}],"wp:attachment":[{"href":"https:\/\/instytucje.org\/index.php\/wp-json\/wp\/v2\/media?parent=1029"}],"curies":[{"name":"wp","href":"https:\/\/api.w.org\/{rel}","templated":true}]}}